{"id":3411,"date":"2021-07-22T11:20:17","date_gmt":"2021-07-22T09:20:17","guid":{"rendered":"https:\/\/walter-praezision.de\/our-machinery\/"},"modified":"2021-11-10T13:46:04","modified_gmt":"2021-11-10T12:46:04","slug":"our-machinery","status":"publish","type":"page","link":"https:\/\/walter-praezision.de\/en\/our-machinery\/","title":{"rendered":"Our machinery"},"content":{"rendered":"<p>[et_pb_section fb_built=&#8221;1&#8243; custom_padding_last_edited=&#8221;on|phone&#8221; _builder_version=&#8221;4.3.2&#8243; max_width=&#8221;100%&#8221; min_height=&#8221;35px&#8221; min_height_tablet=&#8221;&#8221; min_height_phone=&#8221;&#8221; min_height_last_edited=&#8221;on|phone&#8221; height=&#8221;35px&#8221; height_tablet=&#8221;&#8221; height_phone=&#8221;auto&#8221; height_last_edited=&#8221;on|desktop&#8221; max_height=&#8221;100px&#8221; custom_margin=&#8221;4px||-5px||false|false&#8221; custom_margin_tablet=&#8221;4px||-5px||false|false&#8221; custom_margin_phone=&#8221;4px||-5px||false|false&#8221; custom_margin_last_edited=&#8221;on|desktop&#8221; custom_padding=&#8221;0px||0px||false|false&#8221; custom_padding_tablet=&#8221;0px||0px||false|false&#8221; custom_padding_phone=&#8221;0px||0px||false|false&#8221; global_module=&#8221;1041&#8243;][et_pb_row _builder_version=&#8221;4.3.2&#8243; custom_margin=&#8221;8px||0px||false|false&#8221; custom_margin_tablet=&#8221;&#8221; custom_margin_phone=&#8221;&#8221; custom_margin_last_edited=&#8221;on|desktop&#8221; custom_padding=&#8221;0px||0px||false|false&#8221;][et_pb_column type=&#8221;4_4&#8243; _builder_version=&#8221;4.3.2&#8243;][et_pb_text _builder_version=&#8221;4.3.2&#8243; text_text_color=&#8221;#ff0033&#8243; text_font_size=&#8221;15px&#8221; link_text_color=&#8221;#ff0033&#8243; header_text_color=&#8221;#ff0033&#8243; header_2_text_color=&#8221;#ff0033&#8243; header_3_text_color=&#8221;#ff0033&#8243; header_4_font=&#8221;|600|||||||&#8221; header_4_text_color=&#8221;#ff0033&#8243; header_5_text_color=&#8221;#ff0033&#8243; header_6_text_color=&#8221;#ff0033&#8243; custom_margin=&#8221;0px||0px||false|false&#8221; custom_margin_tablet=&#8221;&#8221; custom_margin_phone=&#8221;&#8221; custom_margin_last_edited=&#8221;on|phone&#8221; custom_padding=&#8221;0px||0px||false|false&#8221; header_4_text_color_tablet=&#8221;&#8221; header_4_text_color_phone=&#8221;&#8221; header_4_text_color_last_edited=&#8221;on|phone&#8221;]<\/p>\n<h4 style=\"text-align: right;\">driven by perfection<\/h4>\n<p>[\/et_pb_text][\/et_pb_column][\/et_pb_row][\/et_pb_section][et_pb_section fb_built=&#8221;1&#8243; fullwidth=&#8221;on&#8221; _builder_version=&#8221;4.3.2&#8243; background_color=&#8221;#C12532&#8243; use_background_color_gradient=&#8221;on&#8221; background_color_gradient_start=&#8221;\t#ff0033&#8243; background_color_gradient_end=&#8221;rgba(0,0,0,0)&#8221; background_color_gradient_direction=&#8221;1deg&#8221;][et_pb_fullwidth_header title=&#8221;WE DO THE WORK FOR YOU!&#8221; subhead=&#8221;Large parts production on a 5-axis machining center &#8211; ask for a quote!&#8221; content_max_width=&#8221;none&#8221; _builder_version=&#8221;4.3.2&#8243; title_font_size=&#8221;32px&#8221; subhead_font_size=&#8221;28px&#8221; subhead_line_height=&#8221;1.2em&#8221; background_color=&#8221;rgba(255, 255, 255, 0)&#8221; button_one_text_size__hover_enabled=&#8221;off&#8221; button_two_text_size__hover_enabled=&#8221;off&#8221; button_one_text_color__hover_enabled=&#8221;off&#8221; button_two_text_color__hover_enabled=&#8221;off&#8221; button_one_border_width__hover_enabled=&#8221;off&#8221; button_two_border_width__hover_enabled=&#8221;off&#8221; button_one_border_color__hover_enabled=&#8221;off&#8221; button_two_border_color__hover_enabled=&#8221;off&#8221; button_one_border_radius__hover_enabled=&#8221;off&#8221; button_two_border_radius__hover_enabled=&#8221;off&#8221; button_one_letter_spacing__hover_enabled=&#8221;off&#8221; button_two_letter_spacing__hover_enabled=&#8221;off&#8221; button_one_bg_color__hover_enabled=&#8221;off&#8221; button_two_bg_color__hover_enabled=&#8221;off&#8221;][\/et_pb_fullwidth_header][\/et_pb_section][et_pb_section fb_built=&#8221;1&#8243; _builder_version=&#8221;4.3.2&#8243;][et_pb_row _builder_version=&#8221;4.3.2&#8243; custom_margin=&#8221;||0px||false|false&#8221; custom_padding=&#8221;||0px||false|false&#8221;][et_pb_column type=&#8221;4_4&#8243; _builder_version=&#8221;4.3.2&#8243; custom_padding=&#8221;0px||0px||false|false&#8221;][et_pb_text _builder_version=&#8221;4.9.10&#8243; header_text_color=&#8221;#e02b20&#8243;]<\/p>\n<h1>Our machinery<\/h1>\n<p>[\/et_pb_text][\/et_pb_column][\/et_pb_row][\/et_pb_section][et_pb_section fb_built=&#8221;1&#8243; _builder_version=&#8221;4.3.2&#8243;][et_pb_row column_structure=&#8221;1_3,2_3&#8243; _builder_version=&#8221;4.3.2&#8243; custom_margin=&#8221;||0px||false|false&#8221; custom_padding=&#8221;||0px||false|false&#8221;][et_pb_column type=&#8221;1_3&#8243; _builder_version=&#8221;4.3.2&#8243; custom_padding=&#8221;0px||0px||false|false&#8221;][et_pb_image src=&#8221;https:\/\/walter-praezision.de\/wp-content\/uploads\/2021\/07\/Keppler-von-aussen-scaled.jpg&#8221; alt=&#8221;Keppler from outside&#8221; title_text=&#8221;Keppler from outside&#8221; show_in_lightbox=&#8221;on&#8221; _builder_version=&#8221;4.9.10&#8243; _module_preset=&#8221;default&#8221;][\/et_pb_image][et_pb_image src=&#8221;https:\/\/walter-praezision.de\/wp-content\/uploads\/2021\/07\/Keppler-Innenraum-scaled.jpg&#8221; alt=&#8221;Keppler inside&#8221; title_text=&#8221;Keppler inside&#8221; show_in_lightbox=&#8221;on&#8221; _builder_version=&#8221;4.9.10&#8243; _module_preset=&#8221;default&#8221;][\/et_pb_image][\/et_pb_column][et_pb_column type=&#8221;2_3&#8243; _builder_version=&#8221;4.3.2&#8243; custom_padding=&#8221;0px||0px||false|false&#8221;][et_pb_text _builder_version=&#8221;4.9.10&#8243;]<\/p>\n<h2>Fr\u00e4szentrum 5-Achs \u2013 simultan<\/h2>\n<p>[\/et_pb_text][et_pb_text module_class=&#8221;maschinenpark&#8221; _builder_version=&#8221;4.9.10&#8243;]<\/p>\n<table style=\"font-size: 1em; width: 100%; border-collapse: collapse; border-style: none; height: 196px;\" border=\"0\">\n<tbody>\n<tr style=\"background-color: #d6d6d6;\">\n<td style=\"width: 50%; height: 24px;\"><strong>Herstellerbezeichnung<\/strong><\/td>\n<td style=\"width: 50%; height: 24px;\">Keppler HDC-3000<\/td>\n<\/tr>\n<tr style=\"height: 24px;\">\n<td style=\"width: 50%; height: 24px;\"><strong>Tischgr\u00f6\u00dfe<\/strong><\/td>\n<td style=\"width: 50%; height: 24px;\">1.600 mm \u00d7 1.200 mm<\/td>\n<\/tr>\n<tr style=\"background-color: #d6d6d6;\">\n<td style=\"width: 50%; height: 72px;\"><strong>Verfahrwege<\/strong><\/td>\n<td style=\"width: 50%; height: 72px;\"><strong>x-Achse:<\/strong> 3.000 mm<br \/>\n<strong>y-Achse:<\/strong> 1.820 mm<br \/>\n<strong>z-Achse:<\/strong> 1.400 mm<\/td>\n<\/tr>\n<tr style=\"height: 26px;\">\n<td style=\"width: 50%; height: 26px;\"><strong>max. Spindeldrehzahl<\/strong><\/td>\n<td style=\"width: 50%; height: 26px;\">14.000 min<sup style=\"font-size:0.8em;\">-1<\/sup><\/td>\n<\/tr>\n<tr style=\"background-color: #d6d6d6;\">\n<td style=\"width: 50%; height: 26px;\"><strong>max. Drehzahl Rundtisch<\/strong><\/td>\n<td style=\"width: 50%; height: 26px;\">6 min<sup style=\"font-size:0.8em;\">-1<\/sup><\/td>\n<\/tr>\n<tr style=\"height: 24px;\">\n<td style=\"width: 50%; height: 24px;\"><strong>max. Tischbelastung<\/strong><\/td>\n<td style=\"width: 50%; height: 24px;\">6.000 kg<\/td>\n<\/tr>\n<\/tbody>\n<\/table>\n<p>[\/et_pb_text][\/et_pb_column][\/et_pb_row][et_pb_row _builder_version=&#8221;4.3.2&#8243; custom_margin=&#8221;||-35px||false|false&#8221;][et_pb_column type=&#8221;4_4&#8243; _builder_version=&#8221;4.3.2&#8243;][et_pb_divider color=&#8221;#000000&#8243; _builder_version=&#8221;4.3.2&#8243;][\/et_pb_divider][\/et_pb_column][\/et_pb_row][\/et_pb_section][et_pb_section fb_built=&#8221;1&#8243; _builder_version=&#8221;4.3.2&#8243; background_color=&#8221;#f7f7f7&#8243; background_image=&#8221;https:\/\/walter-praezision.de\/wp-content\/uploads\/2020\/02\/hintergrund_metall_schmal50.png&#8221; custom_margin=&#8221;30px||0px||false|false&#8221; custom_padding=&#8221;0px||0px||false|false&#8221; global_module=&#8221;512&#8243; saved_tabs=&#8221;all&#8221;][et_pb_row _builder_version=&#8221;3.25&#8243; background_size=&#8221;initial&#8221; background_position=&#8221;top_left&#8221; background_repeat=&#8221;repeat&#8221;][et_pb_column type=&#8221;4_4&#8243; _builder_version=&#8221;3.25&#8243; custom_padding=&#8221;|||&#8221; custom_padding__hover=&#8221;|||&#8221;][et_pb_text _builder_version=&#8221;4.3.2&#8243; text_text_color=&#8221;#000000&#8243; background_size=&#8221;initial&#8221; background_position=&#8221;top_left&#8221; background_repeat=&#8221;repeat&#8221; text_orientation=&#8221;center&#8221; module_alignment=&#8221;center&#8221; header_line_height_tablet=&#8221;&#8221; header_line_height_phone=&#8221;1em&#8221; header_line_height_last_edited=&#8221;on|phone&#8221; header_2_line_height_tablet=&#8221;&#8221; header_2_line_height_phone=&#8221;1.2em&#8221; header_2_line_height_last_edited=&#8221;on|phone&#8221;]<\/p>\n<h2>ALTER Precision | Gotthilf Walter GmbH<\/h2>\n<p><span>Circular dividing technology at the highest level with precise and robust devices. The A-class performance in indexing technology.<\/span><\/p>\n<p>[\/et_pb_text][et_pb_button button_url=&#8221;https:\/\/walter-praezision.de\/en\/our-company\/&#8221; button_text=&#8221;Get to know us&#8221; button_alignment=&#8221;center&#8221; _builder_version=&#8221;4.4.5&#8243; custom_button=&#8221;on&#8221; button_text_size=&#8221;16px&#8221; button_text_color=&#8221;#000000&#8243; button_bg_color=&#8221;rgba(0,0,0,0)&#8221; button_bg_enable_image=&#8221;off&#8221; button_border_color=&#8221;rgba(0,0,0,0.5)&#8221; button_border_radius=&#8221;7px&#8221; custom_margin=&#8221;0px|||0px|false|false&#8221; custom_padding=&#8221;|||15px|false|false&#8221;][\/et_pb_button][\/et_pb_column][\/et_pb_row][\/et_pb_section]<\/p>\n","protected":false},"excerpt":{"rendered":"<p>driven by perfectionOur machineryFr\u00e4szentrum 5-Achs \u2013 simultan Herstellerbezeichnung Keppler HDC-3000 Tischgr\u00f6\u00dfe 1.600 mm \u00d7 1.200 mm Verfahrwege x-Achse: 3.000 mm y-Achse: 1.820 mm z-Achse: 1.400 mm max. Spindeldrehzahl 14.000 min-1 max. Drehzahl Rundtisch 6 min-1 max. Tischbelastung 6.000 kg ALTER Precision | Gotthilf Walter GmbH Circular dividing technology at the highest level with precise and [&hellip;]<\/p>\n","protected":false},"author":1,"featured_media":0,"parent":0,"menu_order":0,"comment_status":"closed","ping_status":"closed","template":"","meta":{"_et_pb_use_builder":"on","_et_pb_old_content":"","_et_gb_content_width":"","footnotes":""},"class_list":["post-3411","page","type-page","status-publish","hentry"],"_links":{"self":[{"href":"https:\/\/walter-praezision.de\/en\/wp-json\/wp\/v2\/pages\/3411","targetHints":{"allow":["GET"]}}],"collection":[{"href":"https:\/\/walter-praezision.de\/en\/wp-json\/wp\/v2\/pages"}],"about":[{"href":"https:\/\/walter-praezision.de\/en\/wp-json\/wp\/v2\/types\/page"}],"author":[{"embeddable":true,"href":"https:\/\/walter-praezision.de\/en\/wp-json\/wp\/v2\/users\/1"}],"replies":[{"embeddable":true,"href":"https:\/\/walter-praezision.de\/en\/wp-json\/wp\/v2\/comments?post=3411"}],"version-history":[{"count":8,"href":"https:\/\/walter-praezision.de\/en\/wp-json\/wp\/v2\/pages\/3411\/revisions"}],"predecessor-version":[{"id":3500,"href":"https:\/\/walter-praezision.de\/en\/wp-json\/wp\/v2\/pages\/3411\/revisions\/3500"}],"wp:attachment":[{"href":"https:\/\/walter-praezision.de\/en\/wp-json\/wp\/v2\/media?parent=3411"}],"curies":[{"name":"wp","href":"https:\/\/api.w.org\/{rel}","templated":true}]}}