{"id":2500,"date":"2020-04-08T13:58:30","date_gmt":"2020-04-08T11:58:30","guid":{"rendered":"https:\/\/walter-praezision.de\/imprint\/"},"modified":"2022-08-25T15:06:20","modified_gmt":"2022-08-25T13:06:20","slug":"imprint","status":"publish","type":"page","link":"https:\/\/walter-praezision.de\/en\/imprint\/","title":{"rendered":"Imprint"},"content":{"rendered":"<p>[et_pb_section fb_built=&#8221;1&#8243; custom_padding_last_edited=&#8221;on|phone&#8221; _builder_version=&#8221;4.3.2&#8243; max_width=&#8221;100%&#8221; min_height=&#8221;35px&#8221; min_height_tablet=&#8221;&#8221; min_height_phone=&#8221;&#8221; min_height_last_edited=&#8221;on|phone&#8221; height=&#8221;35px&#8221; height_tablet=&#8221;&#8221; height_phone=&#8221;auto&#8221; height_last_edited=&#8221;on|desktop&#8221; max_height=&#8221;100px&#8221; custom_margin=&#8221;0px||0px||false|false&#8221; custom_margin_tablet=&#8221;4px||-5px||false|false&#8221; custom_margin_phone=&#8221;4px||-5px||false|false&#8221; custom_margin_last_edited=&#8221;on|desktop&#8221; custom_padding=&#8221;0px||0px||false|false&#8221; custom_padding_tablet=&#8221;0px||0px||false|false&#8221; custom_padding_phone=&#8221;0px||0px||false|false&#8221; global_module=&#8221;1041&#8243; global_colors_info=&#8221;{}&#8221;][et_pb_row _builder_version=&#8221;4.16&#8243; custom_margin=&#8221;8px||0px||false|false&#8221; custom_margin_tablet=&#8221;&#8221; custom_margin_phone=&#8221;&#8221; custom_margin_last_edited=&#8221;on|desktop&#8221; custom_padding=&#8221;0px||0px||false|false&#8221; global_colors_info=&#8221;{}&#8221;][et_pb_column type=&#8221;4_4&#8243; _builder_version=&#8221;4.16&#8243; global_colors_info=&#8221;{}&#8221;][et_pb_text _builder_version=&#8221;4.16&#8243; text_text_color=&#8221;#ff0033&#8243; text_font_size=&#8221;15px&#8221; link_text_color=&#8221;#ff0033&#8243; header_text_color=&#8221;#ff0033&#8243; header_2_text_color=&#8221;#ff0033&#8243; header_3_text_color=&#8221;#ff0033&#8243; header_4_font=&#8221;|600|||||||&#8221; header_4_text_color=&#8221;#ff0033&#8243; header_5_text_color=&#8221;#ff0033&#8243; header_6_text_color=&#8221;#ff0033&#8243; custom_margin=&#8221;0px||0px||false|false&#8221; custom_margin_tablet=&#8221;&#8221; custom_margin_phone=&#8221;&#8221; custom_margin_last_edited=&#8221;on|phone&#8221; custom_padding=&#8221;0px||0px||false|false&#8221; header_4_text_color_tablet=&#8221;&#8221; header_4_text_color_phone=&#8221;&#8221; header_4_text_color_last_edited=&#8221;on|phone&#8221; global_colors_info=&#8221;{}&#8221;]<\/p>\n<h4 style=\"text-align: right;\">driven by perfection<\/h4>\n<p>[\/et_pb_text][\/et_pb_column][\/et_pb_row][\/et_pb_section][et_pb_section fb_built=&#8221;1&#8243; fullwidth=&#8221;on&#8221; _builder_version=&#8221;4.16&#8243; background_color=&#8221;#C12532&#8243; use_background_color_gradient=&#8221;on&#8221; background_color_gradient_direction=&#8221;1deg&#8221; background_color_gradient_stops=&#8221;\t#ff0033 0%|rgba(0,0,0,0) 100%&#8221; background_color_gradient_start=&#8221;\t#ff0033&#8243; background_color_gradient_end=&#8221;rgba(0,0,0,0)&#8221; global_colors_info=&#8221;{}&#8221;][et_pb_fullwidth_header title=&#8221;ACCURATE BY TRADITION.&#8221; subhead=&#8221;Benefit from our knowledge in your production.&#8221; content_max_width=&#8221;none&#8221; _builder_version=&#8221;4.16&#8243; title_font_size=&#8221;32px&#8221; subhead_font_size=&#8221;28px&#8221; subhead_line_height=&#8221;1.2em&#8221; background_color=&#8221;rgba(255, 255, 255, 0)&#8221; global_colors_info=&#8221;{}&#8221; button_one_text_size__hover_enabled=&#8221;off&#8221; button_two_text_size__hover_enabled=&#8221;off&#8221; button_one_text_color__hover_enabled=&#8221;off&#8221; button_two_text_color__hover_enabled=&#8221;off&#8221; button_one_border_width__hover_enabled=&#8221;off&#8221; button_two_border_width__hover_enabled=&#8221;off&#8221; button_one_border_color__hover_enabled=&#8221;off&#8221; button_two_border_color__hover_enabled=&#8221;off&#8221; button_one_border_radius__hover_enabled=&#8221;off&#8221; button_two_border_radius__hover_enabled=&#8221;off&#8221; button_one_letter_spacing__hover_enabled=&#8221;off&#8221; button_two_letter_spacing__hover_enabled=&#8221;off&#8221; button_one_bg_color__hover_enabled=&#8221;off&#8221; button_two_bg_color__hover_enabled=&#8221;off&#8221;][\/et_pb_fullwidth_header][\/et_pb_section][et_pb_section fb_built=&#8221;1&#8243; _builder_version=&#8221;4.16&#8243; global_colors_info=&#8221;{}&#8221;][et_pb_row _builder_version=&#8221;4.16&#8243; global_colors_info=&#8221;{}&#8221;][et_pb_column type=&#8221;4_4&#8243; _builder_version=&#8221;4.16&#8243; global_colors_info=&#8221;{}&#8221;][et_pb_text _builder_version=&#8221;4.16&#8243; global_colors_info=&#8221;{}&#8221;]<\/p>\n<section class=\"ce_text text_box block\">\n<h2>Imprint<\/h2>\n<p>&nbsp;<\/p>\n<p>Gotthilf Walter GmbH<br \/>Bausteinstra\u00dfe 15<br \/>75443 \u00d6tisheim<\/p>\n<p>Telefon +49 (0) 7041-800 0<br \/>Telefax +49 (0) 7041-800-40<br \/>info@walter-praezision.de<\/p>\n<\/section>\n<section class=\"ce_text text_box block\">Manging Directors:<br \/>Siegfried Walter, Markus Schlecker<br \/>commercial register Mannheim HRB 510422<br \/>VAT.-Nr. DE811295567<\/p>\n<p>&nbsp;<\/p>\n<\/section>\n<p>[\/et_pb_text][et_pb_divider _builder_version=&#8221;4.16&#8243; global_colors_info=&#8221;{}&#8221;][\/et_pb_divider][et_pb_text _builder_version=&#8221;4.16&#8243; global_colors_info=&#8221;{}&#8221;]<\/p>\n<p><strong>Konzeption, Design und Umsetzung<\/strong><\/p>\n<p><span><a href=\"http:\/\/daskreativbuero.de\/\" target=\"_blank\" rel=\"noopener noreferrer\">LOGO! dasKreativb\u00fcro<br \/><\/a><\/span>Agentur f\u00fcr Marketing\/\/Mediendesign\/\/Kommunikation<\/p>\n<p>Untere Vorstadt 43<br \/> 72458 Albstadt<br \/> Telefon 07431 3063575<br \/> info@daskreativbuero.de<\/p>\n<p>[\/et_pb_text][\/et_pb_column][\/et_pb_row][et_pb_row _builder_version=&#8221;4.16&#8243; global_colors_info=&#8221;{}&#8221;][et_pb_column type=&#8221;4_4&#8243; _builder_version=&#8221;4.16&#8243; global_colors_info=&#8221;{}&#8221;][et_pb_text _builder_version=&#8221;4.16&#8243; global_colors_info=&#8221;{}&#8221;]<\/p>\n<div id=\"tw-target-text-container\" class=\"tw-ta-container hide-focus-ring tw-nfl\" tabindex=\"0\">\n<pre dir=\"ltr\" data-placeholder=\"Translation\"><strong><span style=\"font-family: 'Open Sans', Arial, sans-serif;\">Legal Notice<\/span><\/strong><\/pre>\n<\/div>\n<p>We would like to point out that information on this page may contain technical inaccuracies or typographical errors. We reserve the right to change or update the information on this page at any time and without prior notice.<br \/>\nAll works or parts of works published on our website such as Texts, files, compositions and images are protected by copyright or the Design Act. Any further publication, reproduction, distribution or other use &#8211; even in part &#8211; requires the written approval of Gotthilf Walter GmbH.<\/p>\n<p><strong>Hyperlinks<\/strong><\/p>\n<p>This website may contain hyperlinks to third party websites. Links from this website to third-party websites are opened in a separate browser window and are only provided for reasons of user-friendliness. Gotthilf Walter GmbH expressly distances itself from the content of this website and does not adopt third-party websites and their content as their own. Gotthilf Walter GmbH is not responsible for the content of external websites. They are used at the user&#8217;s own risk.<\/p>\n<p><strong>data protection<\/strong><\/p>\n<p>Gotthilf Walter GmbH observes the applicable data protection regulations when collecting, using and processing personal data. If there is a possibility to enter personal data (e-mail address, name, addresses, etc.) within the website, this is done voluntarily. The personal data you provide will only be used internally to answer your inquiries, process your orders or give you access to certain information. Upon your written request, we will inform you about the data we have stored about you. You also have the right to correct, delete and \/ or block this data at any time.<\/p>\n<p>This website uses Google Analytics, a web analytics service provided by Google Inc. (&#8220;Google&#8221;). Google Analytics uses so-called &#8220;cookies&#8221;, text files that are stored on your computer and that enable an analysis of your use of the website. The information generated by the cookie about your use of this website (including your IP address) is transmitted to a Google server in the USA and stored there. Google will use this information to evaluate your use of the website, to compile reports on website activity for website operators and to provide other services related to website activity and internet usage. Google may also transfer this information to third parties if this is required by law or if third parties process this data on behalf of Google. Under no circumstances will Google link your IP address with other Google data. You can prevent the installation of cookies by setting your browser software accordingly; however, we would like to point out that in this case you may not be able to use all functions of this website to their full extent. By using this website, you consent to the processing of data about you by Google in the manner and for the purposes set out above.[\/et_pb_text][\/et_pb_column][\/et_pb_row][\/et_pb_section][et_pb_section fb_built=&#8221;1&#8243; _builder_version=&#8221;4.16&#8243; background_color=&#8221;#f7f7f7&#8243; background_image=&#8221;https:\/\/walter-praezision.de\/wp-content\/uploads\/2020\/02\/hintergrund_metall_schmal50.png&#8221; custom_margin=&#8221;30px||0px||false|false&#8221; custom_padding=&#8221;0px||0px||false|false&#8221; saved_tabs=&#8221;all&#8221; global_colors_info=&#8221;{}&#8221;][et_pb_row _builder_version=&#8221;4.16&#8243; background_size=&#8221;initial&#8221; background_position=&#8221;top_left&#8221; background_repeat=&#8221;repeat&#8221; global_colors_info=&#8221;{}&#8221;][et_pb_column type=&#8221;4_4&#8243; _builder_version=&#8221;4.16&#8243; custom_padding=&#8221;|||&#8221; global_colors_info=&#8221;{}&#8221; custom_padding__hover=&#8221;|||&#8221;][et_pb_text _builder_version=&#8221;4.16&#8243; text_text_color=&#8221;#000000&#8243; background_size=&#8221;initial&#8221; background_position=&#8221;top_left&#8221; background_repeat=&#8221;repeat&#8221; text_orientation=&#8221;center&#8221; module_alignment=&#8221;center&#8221; header_line_height_tablet=&#8221;&#8221; header_line_height_phone=&#8221;1em&#8221; header_line_height_last_edited=&#8221;on|phone&#8221; header_2_line_height_tablet=&#8221;&#8221; header_2_line_height_phone=&#8221;1.2em&#8221; header_2_line_height_last_edited=&#8221;on|phone&#8221; global_colors_info=&#8221;{}&#8221;]<\/p>\n<h2>WALTER Pr\u00e4zision von der Gotthilf Walter GmbH<\/h2>\n<p><span>Kreisteiltechnik auf h\u00f6chstem Niveau, mit pr\u00e4zisen und robusten Ger\u00e4ten.\u00a0<\/span><span>Die Leistungsklasse der Teiltechnik!<\/span><\/p>\n<p>[\/et_pb_text][et_pb_button button_url=&#8221;https:\/\/walter-praezision.de\/en\/our-company\/&#8221; button_text=&#8221;Get to know us&#8221; button_alignment=&#8221;center&#8221; _builder_version=&#8221;4.16&#8243; custom_button=&#8221;on&#8221; button_text_size=&#8221;16px&#8221; button_text_color=&#8221;#000000&#8243; button_bg_color=&#8221;rgba(0,0,0,0)&#8221; button_bg_enable_image=&#8221;off&#8221; button_border_color=&#8221;rgba(0,0,0,0.5)&#8221; button_border_radius=&#8221;7px&#8221; custom_margin=&#8221;0px|||0px|false|false&#8221; custom_padding=&#8221;|||15px|false|false&#8221; global_colors_info=&#8221;{}&#8221;][\/et_pb_button][\/et_pb_column][\/et_pb_row][\/et_pb_section]<\/p>\n","protected":false},"excerpt":{"rendered":"<p>driven by perfection Imprint &nbsp; Gotthilf Walter GmbHBausteinstra\u00dfe 1575443 \u00d6tisheim Telefon +49 (0) 7041-800 0Telefax +49 (0) 7041-800-40info@walter-praezision.de Manging Directors:Siegfried Walter, Markus Schleckercommercial register Mannheim HRB 510422VAT.-Nr. DE811295567 &nbsp; Konzeption, Design und Umsetzung LOGO! dasKreativb\u00fcroAgentur f\u00fcr Marketing\/\/Mediendesign\/\/Kommunikation Untere Vorstadt 43 72458 Albstadt Telefon 07431 3063575 info@daskreativbuero.de Legal Notice We would like to point out that [&hellip;]<\/p>\n","protected":false},"author":1,"featured_media":0,"parent":0,"menu_order":0,"comment_status":"closed","ping_status":"closed","template":"","meta":{"_et_pb_use_builder":"on","_et_pb_old_content":"","_et_gb_content_width":"","footnotes":""},"class_list":["post-2500","page","type-page","status-publish","hentry"],"_links":{"self":[{"href":"https:\/\/walter-praezision.de\/en\/wp-json\/wp\/v2\/pages\/2500","targetHints":{"allow":["GET"]}}],"collection":[{"href":"https:\/\/walter-praezision.de\/en\/wp-json\/wp\/v2\/pages"}],"about":[{"href":"https:\/\/walter-praezision.de\/en\/wp-json\/wp\/v2\/types\/page"}],"author":[{"embeddable":true,"href":"https:\/\/walter-praezision.de\/en\/wp-json\/wp\/v2\/users\/1"}],"replies":[{"embeddable":true,"href":"https:\/\/walter-praezision.de\/en\/wp-json\/wp\/v2\/comments?post=2500"}],"version-history":[{"count":13,"href":"https:\/\/walter-praezision.de\/en\/wp-json\/wp\/v2\/pages\/2500\/revisions"}],"predecessor-version":[{"id":3644,"href":"https:\/\/walter-praezision.de\/en\/wp-json\/wp\/v2\/pages\/2500\/revisions\/3644"}],"wp:attachment":[{"href":"https:\/\/walter-praezision.de\/en\/wp-json\/wp\/v2\/media?parent=2500"}],"curies":[{"name":"wp","href":"https:\/\/api.w.org\/{rel}","templated":true}]}}